{"id":338,"date":"2024-05-23T10:25:17","date_gmt":"2024-05-23T08:25:17","guid":{"rendered":"https:\/\/clinicanorte.es\/?page_id=338"},"modified":"2024-05-23T10:25:17","modified_gmt":"2024-05-23T08:25:17","slug":"politica-de-privacidad","status":"publish","type":"page","link":"https:\/\/clinicanorte.es\/index.php\/politica-de-privacidad\/","title":{"rendered":"POL\u00cdTICA DE PRIVACIDAD"},"content":{"rendered":"\n<p><strong>POL\u00cdTICA DE PRIVACIDAD DEL SITIO WEB clinicanorte.es<\/strong><\/p>\n\n\n\n<p>La presente pol\u00edtica de privacidad describe las formas en la que recogemos la informaci\u00f3n, con qu\u00e9 fin la utilizamos y c\u00f3mo la gestionamos.<\/p>\n\n\n\n<p>Su privacidad es importante para nosotros y le otorgamos una gran importancia, por eso deseamos expresar el m\u00e1ximo compromiso con la protecci\u00f3n de los datos personales de nuestros Usuarios. Hemos implementado las medidas t\u00e9cnicas y organizativas necesarias que indica la normativa de protecci\u00f3n de datos para asegurar la confidencialidad de sus datos, dando cumplimiento al Reglamento General de Protecci\u00f3n de Datos aprobado por la Uni\u00f3n Europea (RGPD) y a la Ley Org\u00e1nica 3\/2018 de 5 de diciembre (LOPDGDD). No obstante, no podemos asumir ninguna responsabilidad por los da\u00f1os y perjuicios derivados de alteraciones que terceros pueden causar en los sistemas inform\u00e1ticos, documentos electr\u00f3nicos o ficheros del Usuario.<\/p>\n\n\n\n<p><strong>\u00bfQUI\u00c9N ES EL RESPONSABLE DEL TRATAMIENTO?<\/strong><\/p>\n\n\n\n<p>Le informamos que sus datos de car\u00e1cter personal ser\u00e1n tratados por JESUS RUANO CRESPO, con domicilio fiscal en CALLE VICENTE GONZALEZ, 36 &#8211; 45940 VALMOJADO (Toledo), n\u00famero de tel\u00e9fono 610720601, e-mail&nbsp;logopedia@clinicanorte.es<\/p>\n\n\n\n<p><strong>\u00bfCU\u00c1LES SON LAS FINALIDADES DEL TRATAMIENTO?<\/strong><\/p>\n\n\n\n<p>Finalidad n\u00ba 1. Para acceder a algunos de nuestros servicios, y con el objeto de atender sus consultas o enviarle informaci\u00f3n relacionada con su solicitud, puede ser necesario que obtengamos informaci\u00f3n por su parte, en tal caso, le solicitaremos que nos la proporcione voluntariamente de forma expresa. \u00danicamente debe enviarnos los datos de los que usted es titular, o bien de terceros, si es su representante legal o ha obtenido su consentimiento inequ\u00edvoco.<\/p>\n\n\n\n<p>Finalidad n\u00ba 2. Cumplir con nuestras obligaciones contractuales en el caso de que usted haya decidido adquirir alguno de nuestros productos y\/o servicios, as\u00ed como realizar la gesti\u00f3n administrativa, fiscal y contable derivada de los trabajos que hemos realizado.<\/p>\n\n\n\n<p>Finalidad n\u00ba 3. Siempre que usted lo desee podemos enviarle informaci\u00f3n comercial peri\u00f3dicamente de nuestros productos y\/o servicios, incluido los newsletter, o bien informaci\u00f3n de terceros con los que mantengamos colaboraciones comerciales. Si usted ha mantenido alguna relaci\u00f3n contractual con nosotros tambi\u00e9n podremos enviarle comunicaciones comerciales.<\/p>\n\n\n\n<p><strong>\u00bfNUESTRO SITIO WEB UTILIZA COOKIES?<\/strong><\/p>\n\n\n\n<p>JESUS RUANO CRESPO podr\u00e1 utilizar cookies durante la prestaci\u00f3n de servicios del sitio web. Puede consultar nuestra pol\u00edtica de cookies pulsando sobre el enlace situado en la p\u00e1gina principal.<\/p>\n\n\n\n<p><strong>\u00bfCU\u00c1L ES LA LEGITIMACI\u00d3N DEL TRATAMIENTO?<\/strong><\/p>\n\n\n\n<p>Finalidad n\u00ba 1: Consentimiento del interesado que usted nos otorga en el momento de enviarnos una consulta.<\/p>\n\n\n\n<p>Finalidad n\u00ba 2. Cumplimiento de las obligaciones contractuales por la adquisici\u00f3n de productos y\/o servicios) bajo las condiciones indicadas en el contrato que pudi\u00e9ramos formalizar, as\u00ed como cumplir con las obligaciones legales fiscales derivadas del mismo.<\/p>\n\n\n\n<p>Finalidad n\u00ba 3. Consentimiento del interesado para el env\u00edo de informaci\u00f3n comercial de manera peri\u00f3dica, que usted nos otorga en el momento de aceptar el env\u00edo de comunicaciones comerciales, o bien, inter\u00e9s leg\u00edtimo en el caso de que usted haya mantenido alguna relaci\u00f3n contractual con nosotros.<\/p>\n\n\n\n<p><strong>\u00bfCU\u00c1LES SON LOS CRITERIOS DE CONSERVACI\u00d3N DE LOS DATOS?<\/strong><\/p>\n\n\n\n<p>Finalidades n\u00ba 1, 2: Conservaremos los datos durante el periodo de prescripci\u00f3n de las obligaciones legales, y entretanto contin\u00fae existiendo inter\u00e9s en mantener las relaciones por ambas partes, de manera que procederemos a la supresi\u00f3n de los mismos.<\/p>\n\n\n\n<p>cuando ya no sea necesario alcanzar las finalidades que hubieran justificado el tratamiento de los mismos. Finalidad n\u00ba 3: Plazo de conservaci\u00f3n de sus datos para el env\u00edo de comunicaciones comerciales:<\/p>\n\n\n\n<p>&#8211; Si usted nos ha autorizado expresamente, conservaremos sus datos hasta que usted decida retirar su consentimiento u oponerse al tratamiento.<\/p>\n\n\n\n<p>&#8211; Si usted ha mantenido una relaci\u00f3n contractual con nosotros y le enviamos comunicaciones comerciales, conservaremos sus datos hasta que usted decida oponerse a dicho tratamiento.<\/p>\n\n\n\n<p><strong>\u00bfC\u00d3MO DEBE ACTUALIZAR SUS DATOS PERSONALES?<\/strong><\/p>\n\n\n\n<p>El Usuario garantiza que los datos personales que nos ha facilitado a trav\u00e9s de este sitio web son veraces, correctos, actuales y completos. El Usuario deber\u00e1 comunicarnos cualquier modificaci\u00f3n o actualizaci\u00f3n de los mismos, mediante el env\u00edo de una comunicaci\u00f3n a las direcciones postales o electr\u00f3nicas se\u00f1aladas en el apartado \u00bfd\u00f3nde puede ejercer los derechos?<\/p>\n\n\n\n<p><strong>\u00bfCU\u00c1LES SON LOS DESTINATARIOS DE LA INFORMACI\u00d3N?<\/strong><\/p>\n\n\n\n<p>No cederemos informaci\u00f3n a terceros salvo obligaci\u00f3n legal y las necesarias para prestar los servicios, o bien en el caso de que usted preste su consentimiento expreso e inequ\u00edvoco.<\/p>\n\n\n\n<p><strong>\u00bfEXISTEN TRANSFERENCIAS INTERNACIONALES DE DATOS?<\/strong><\/p>\n\n\n\n<p>No existen transferencias internacionales de datos.<\/p>\n\n\n\n<p><strong>\u00bfQU\u00c9 DERECHOS TIENE EL INTERESADO?<\/strong><\/p>\n\n\n\n<p>Cualquier persona tiene derecho a obtener confirmaci\u00f3n sobre si estamos tratando datos personales que les conciernan, o no.<\/p>\n\n\n\n<p>La persona interesada tiene derecho a acceder a sus datos personales, as\u00ed como solicitar la rectificaci\u00f3n de los datos inexactos o, en su caso, solicitar su supresi\u00f3n cuando, entre otros motivos, los datos ya no sean necesarios para los fines que fueron recogidos.<\/p>\n\n\n\n<p>En determinadas circunstancias, el interesado podr\u00e1 solicitar la limitaci\u00f3n del tratamiento de sus datos, en cuyo caso \u00fanicamente los conservaremos para el ejercicio o la defensa de reclamaciones.<\/p>\n\n\n\n<p>En determinadas circunstancias y por motivos relacionados con su situaci\u00f3n particular, el interesado podr\u00e1 oponerse al tratamiento de sus datos. En este caso dejaremos de tratar los datos, salvo por motivos leg\u00edtimos imperiosos, o el ejercicio o la defensa de posibles reclamaciones.<\/p>\n\n\n\n<p>Tambi\u00e9n tendr\u00e1n derecho a retirar el consentimiento al tratamiento de sus datos en cualquier momento cuando la base que leg\u00edtima el mismo sea la obtenci\u00f3n del propio consentimiento del interesado..<\/p>\n\n\n\n<p>Podr\u00e1 presentar una reclamaci\u00f3n ante la Autoridad de Control en materia de Protecci\u00f3n de Datos competente, como la Agencia Espa\u00f1ola de Protecci\u00f3n de datos, especialmente cuando no haya obtenido satisfacci\u00f3n en el ejercicio de sus derechos o crea que el tratamiento de datos no es adecuado con la legalidad vigente.<\/p>\n\n\n\n<p><strong>\u00bfD\u00d3NDE PUEDE EJERCER LOS DERECHOS?<\/strong><\/p>\n\n\n\n<p>Mediante comunicaci\u00f3n escrita dirigida a JESUS RUANO CRESPO, CALLE VICENTE GONZALEZ, 36 &#8211; 45940 VALMOJADO (Toledo) o bien, mediante el env\u00edo de un correo electr\u00f3nico a la direcci\u00f3n psicologia@clinicanorte.es, identific\u00e1ndose y concretando su solicitud aportando fotocopia del DNI o documento equivalente.<\/p>\n\n\n\n<p>En las comunicaciones comerciales incluido los newsletter usted podr\u00e1 revocar el consentimiento otorgado mediante el env\u00edo de un&nbsp;correo electr\u00f3nico a nuestra direcci\u00f3n psicologia@clinicanorte.es indicando en el mensaje la frase \u201cBaja del Servicio de Comunicaciones\u201d, o bien pulsando sobre el enlace de baja si en el mensaje del correo as\u00ed se indica.<\/p>\n\n\n\n<p><strong>MEDIDAS DE SEGURIDAD<\/strong><\/p>\n\n\n\n<p>De conformidad con lo dispuesto en las normativas vigentes en protecci\u00f3n de datos personales, el RESPONSABLE est\u00e1 cumpliendo con todas las disposiciones del REGLAMENTO GENERAL DE PROTECCION DE DATOS (RGPD) para el tratamiento de los datos personales de su responsabilidad, y manifiestamente con los principios descritos en el art\u00edculo 5, por los cuales son tratados de manera l\u00edcita, leal y transparente en relaci\u00f3n con el interesado y adecuados, pertinentes y limitados a lo necesario en relaci\u00f3n con los fines para los que son tratados.<\/p>\n\n\n\n<p>El RESPONSABLE garantiza que ha implementado pol\u00edticas t\u00e9cnicas y organizativas apropiadas para aplicar las medidas de seguridad que establecen el RGPD con el fin de proteger los derechos y libertades de los Usuarios y les ha comunicado la informaci\u00f3n adecuada para que puedan ejercerlos.<\/p>\n\n\n\n<p><strong>ACEPTACI\u00d3N Y CONSENTIMIENTO<\/strong><\/p>\n\n\n\n<p>El usuario manifiesta que ha sido informado sobre nuestra pol\u00edtica de protecci\u00f3n de datos y consiente su tratamiento con las finalidades expresadas anteriormente. Se advierte que algunos de los servicios prestados en la Web podr\u00e1n tener condiciones particulares, en tal caso se informar\u00e1 debidamente a los usuarios. Entidad adaptada a las normativas de privacidad por ARCODATOS www.protecciondedatos.com.es Fecha del documento: 12\/11\/2020<\/p>\n","protected":false},"excerpt":{"rendered":"<p>POL\u00cdTICA DE PRIVACIDAD DEL SITIO WEB clinicanorte.es La presente pol\u00edtica de privacidad describe las formas en la que recogemos la informaci\u00f3n, con qu\u00e9 fin la utilizamos y c\u00f3mo la gestionamos. Su privacidad es importante para nosotros y le otorgamos una gran importancia, por eso deseamos expresar el m\u00e1ximo compromiso con la protecci\u00f3n de los datos personales de nuestros Usuarios. Hemos implementado las medidas t\u00e9cnicas y organizativas necesarias que indica la normativa de protecci\u00f3n de datos para asegurar la confidencialidad de sus datos, dando cumplimiento al Reglamento General de Protecci\u00f3n de Datos aprobado por la Uni\u00f3n Europea (RGPD) y a la Ley Org\u00e1nica 3\/2018 de 5 de diciembre (LOPDGDD). No obstante, no podemos asumir ninguna responsabilidad por los da\u00f1os y perjuicios derivados de alteraciones que terceros pueden causar en los sistemas inform\u00e1ticos, documentos electr\u00f3nicos o ficheros del Usuario. \u00bfQUI\u00c9N ES EL RESPONSABLE DEL TRATAMIENTO? Le informamos que sus datos de car\u00e1cter personal ser\u00e1n tratados por JESUS RUANO CRESPO, con domicilio fiscal en CALLE VICENTE GONZALEZ, 36 &#8211; 45940 VALMOJADO (Toledo), n\u00famero de tel\u00e9fono 610720601, e-mail&nbsp;logopedia@clinicanorte.es \u00bfCU\u00c1LES SON LAS FINALIDADES DEL TRATAMIENTO? Finalidad n\u00ba 1. Para acceder a algunos de nuestros servicios, y con el objeto de atender sus consultas o enviarle informaci\u00f3n relacionada con su solicitud, puede ser necesario que obtengamos informaci\u00f3n por su parte, en tal caso, le solicitaremos que nos la proporcione voluntariamente de forma expresa. \u00danicamente debe enviarnos los datos de los que usted es titular, o bien de terceros, si es su representante legal o ha obtenido su consentimiento inequ\u00edvoco. Finalidad n\u00ba 2. Cumplir con nuestras obligaciones contractuales en el caso de que usted haya decidido adquirir alguno de nuestros productos y\/o servicios, as\u00ed como realizar la gesti\u00f3n administrativa, fiscal y contable derivada de los trabajos que hemos realizado. Finalidad n\u00ba 3. Siempre que usted lo desee podemos enviarle informaci\u00f3n comercial peri\u00f3dicamente de nuestros productos y\/o servicios, incluido los newsletter, o bien informaci\u00f3n de terceros con los que mantengamos colaboraciones comerciales. Si usted ha mantenido alguna relaci\u00f3n contractual con nosotros tambi\u00e9n podremos enviarle comunicaciones comerciales. \u00bfNUESTRO SITIO WEB UTILIZA COOKIES? JESUS RUANO CRESPO podr\u00e1 utilizar cookies durante la prestaci\u00f3n de servicios del sitio web. Puede consultar nuestra pol\u00edtica de cookies pulsando sobre el enlace situado en la p\u00e1gina principal. \u00bfCU\u00c1L ES LA LEGITIMACI\u00d3N DEL TRATAMIENTO? Finalidad n\u00ba 1: Consentimiento del interesado que usted nos otorga en el momento de enviarnos una consulta. Finalidad n\u00ba 2. Cumplimiento de las obligaciones contractuales por la adquisici\u00f3n de productos y\/o servicios) bajo las condiciones indicadas en el contrato que pudi\u00e9ramos formalizar, as\u00ed como cumplir con las obligaciones legales fiscales derivadas del mismo. Finalidad n\u00ba 3. Consentimiento del interesado para el env\u00edo de informaci\u00f3n comercial de manera peri\u00f3dica, que usted nos otorga en el momento de aceptar el env\u00edo de comunicaciones comerciales, o bien, inter\u00e9s leg\u00edtimo en el caso de que usted haya mantenido alguna relaci\u00f3n contractual con nosotros. \u00bfCU\u00c1LES SON LOS CRITERIOS DE CONSERVACI\u00d3N DE LOS DATOS? Finalidades n\u00ba 1, 2: Conservaremos los datos durante el periodo de prescripci\u00f3n de las obligaciones legales, y entretanto contin\u00fae existiendo inter\u00e9s en mantener las relaciones por ambas partes, de manera que procederemos a la supresi\u00f3n de los mismos. cuando ya no sea necesario alcanzar las finalidades que hubieran justificado el tratamiento de los mismos. Finalidad n\u00ba 3: Plazo de conservaci\u00f3n de sus datos para el env\u00edo de comunicaciones comerciales: &#8211; Si usted nos ha autorizado expresamente, conservaremos sus datos hasta que usted decida retirar su consentimiento u oponerse al tratamiento. &#8211; Si usted ha mantenido una relaci\u00f3n contractual con nosotros y le enviamos comunicaciones comerciales, conservaremos sus datos hasta que usted decida oponerse a dicho tratamiento. \u00bfC\u00d3MO DEBE ACTUALIZAR SUS DATOS PERSONALES? El Usuario garantiza que los datos personales que nos ha facilitado a trav\u00e9s de este sitio web son veraces, correctos, actuales y completos. El Usuario deber\u00e1 comunicarnos cualquier modificaci\u00f3n o actualizaci\u00f3n de los mismos, mediante el env\u00edo de una comunicaci\u00f3n a las direcciones postales o electr\u00f3nicas se\u00f1aladas en el apartado \u00bfd\u00f3nde puede ejercer los derechos? \u00bfCU\u00c1LES SON LOS DESTINATARIOS DE LA INFORMACI\u00d3N? No cederemos informaci\u00f3n a terceros salvo obligaci\u00f3n legal y las necesarias para prestar los servicios, o bien en el caso de que usted preste su consentimiento expreso e inequ\u00edvoco. \u00bfEXISTEN TRANSFERENCIAS INTERNACIONALES DE DATOS? No existen transferencias internacionales de datos. \u00bfQU\u00c9 DERECHOS TIENE EL INTERESADO? Cualquier persona tiene derecho a obtener confirmaci\u00f3n sobre si estamos tratando datos personales que les conciernan, o no. La persona interesada tiene derecho a acceder a sus datos personales, as\u00ed como solicitar la rectificaci\u00f3n de los datos inexactos o, en su caso, solicitar su supresi\u00f3n cuando, entre otros motivos, los datos ya no sean necesarios para los fines que fueron recogidos. En determinadas circunstancias, el interesado podr\u00e1 solicitar la limitaci\u00f3n del tratamiento de sus datos, en cuyo caso \u00fanicamente los conservaremos para el ejercicio o la defensa de reclamaciones. En determinadas circunstancias y por motivos relacionados con su situaci\u00f3n particular, el interesado podr\u00e1 oponerse al tratamiento de sus datos. En este caso dejaremos de tratar los datos, salvo por motivos leg\u00edtimos imperiosos, o el ejercicio o la defensa de posibles reclamaciones. Tambi\u00e9n tendr\u00e1n derecho a retirar el consentimiento al tratamiento de sus datos en cualquier momento cuando la base que leg\u00edtima el mismo sea la obtenci\u00f3n del propio consentimiento del interesado.. Podr\u00e1 presentar una reclamaci\u00f3n ante la Autoridad de Control en materia de Protecci\u00f3n de Datos competente, como la Agencia Espa\u00f1ola de Protecci\u00f3n de datos, especialmente cuando no haya obtenido satisfacci\u00f3n en el ejercicio de sus derechos o crea que el tratamiento de datos no es adecuado con la legalidad vigente. \u00bfD\u00d3NDE PUEDE EJERCER LOS DERECHOS? Mediante comunicaci\u00f3n escrita dirigida a JESUS RUANO CRESPO, CALLE VICENTE GONZALEZ, 36 &#8211; 45940 VALMOJADO (Toledo) o bien, mediante el env\u00edo de un correo electr\u00f3nico a la direcci\u00f3n psicologia@clinicanorte.es, identific\u00e1ndose y concretando su solicitud aportando fotocopia del DNI o documento equivalente. En las comunicaciones comerciales incluido los newsletter usted podr\u00e1 revocar el consentimiento otorgado mediante el env\u00edo de un&nbsp;correo electr\u00f3nico a nuestra direcci\u00f3n psicologia@clinicanorte.es indicando en el mensaje<\/p>\n","protected":false},"author":1,"featured_media":0,"parent":0,"menu_order":0,"comment_status":"closed","ping_status":"closed","template":"","meta":{"_monsterinsights_skip_tracking":false,"_monsterinsights_sitenote_active":false,"_monsterinsights_sitenote_note":"","_monsterinsights_sitenote_category":0,"site-sidebar-layout":"default","site-content-layout":"","ast-site-content-layout":"","site-content-style":"default","site-sidebar-style":"default","ast-global-header-display":"","ast-banner-title-visibility":"","ast-main-header-display":"","ast-hfb-above-header-display":"","ast-hfb-below-header-display":"","ast-hfb-mobile-header-display":"","site-post-title":"","ast-breadcrumbs-content":"","ast-featured-img":"","footer-sml-layout":"","theme-transparent-header-meta":"","adv-header-id-meta":"","stick-header-meta":"","header-above-stick-meta":"","header-main-stick-meta":"","header-below-stick-meta":"","astra-migrate-meta-layouts":"default","ast-page-background-enabled":"default","ast-page-background-meta":{"desktop":{"background-color":"var(--ast-global-color-4)","background-image":"","background-repeat":"repeat","background-position":"center center","background-size":"auto","background-attachment":"scroll","background-type":"","background-media":"","overlay-type":"","overlay-color":"","overlay-opacity":"","overlay-gradient":""},"tablet":{"background-color":"","background-image":"","background-repeat":"repeat","background-position":"center center","background-size":"auto","background-attachment":"scroll","background-type":"","background-media":"","overlay-type":"","overlay-color":"","overlay-opacity":"","overlay-gradient":""},"mobile":{"background-color":"","background-image":"","background-repeat":"repeat","background-position":"center center","background-size":"auto","background-attachment":"scroll","background-type":"","background-media":"","overlay-type":"","overlay-color":"","overlay-opacity":"","overlay-gradient":""}},"ast-content-background-meta":{"desktop":{"background-color":"var(--ast-global-color-5)","background-image":"","background-repeat":"repeat","background-position":"center center","background-size":"auto","background-attachment":"scroll","background-type":"","background-media":"","overlay-type":"","overlay-color":"","overlay-opacity":"","overlay-gradient":""},"tablet":{"background-color":"var(--ast-global-color-5)","background-image":"","background-repeat":"repeat","background-position":"center center","background-size":"auto","background-attachment":"scroll","background-type":"","background-media":"","overlay-type":"","overlay-color":"","overlay-opacity":"","overlay-gradient":""},"mobile":{"background-color":"var(--ast-global-color-5)","background-image":"","background-repeat":"repeat","background-position":"center center","background-size":"auto","background-attachment":"scroll","background-type":"","background-media":"","overlay-type":"","overlay-color":"","overlay-opacity":"","overlay-gradient":""}},"footnotes":""},"class_list":["post-338","page","type-page","status-publish","hentry"],"_links":{"self":[{"href":"https:\/\/clinicanorte.es\/index.php\/wp-json\/wp\/v2\/pages\/338","targetHints":{"allow":["GET"]}}],"collection":[{"href":"https:\/\/clinicanorte.es\/index.php\/wp-json\/wp\/v2\/pages"}],"about":[{"href":"https:\/\/clinicanorte.es\/index.php\/wp-json\/wp\/v2\/types\/page"}],"author":[{"embeddable":true,"href":"https:\/\/clinicanorte.es\/index.php\/wp-json\/wp\/v2\/users\/1"}],"replies":[{"embeddable":true,"href":"https:\/\/clinicanorte.es\/index.php\/wp-json\/wp\/v2\/comments?post=338"}],"version-history":[{"count":1,"href":"https:\/\/clinicanorte.es\/index.php\/wp-json\/wp\/v2\/pages\/338\/revisions"}],"predecessor-version":[{"id":339,"href":"https:\/\/clinicanorte.es\/index.php\/wp-json\/wp\/v2\/pages\/338\/revisions\/339"}],"wp:attachment":[{"href":"https:\/\/clinicanorte.es\/index.php\/wp-json\/wp\/v2\/media?parent=338"}],"curies":[{"name":"wp","href":"https:\/\/api.w.org\/{rel}","templated":true}]}}